{"id":1240,"date":"2024-03-08T16:41:48","date_gmt":"2024-03-08T16:41:48","guid":{"rendered":"https:\/\/www.asklepios-advisors.com\/?page_id=1240"},"modified":"2024-06-20T12:37:52","modified_gmt":"2024-06-20T12:37:52","slug":"angelo-moesslang","status":"publish","type":"page","link":"https:\/\/www.asklepios-advisors.com\/index.php\/angelo-moesslang\/","title":{"rendered":"Angelo Moesslang"},"content":{"rendered":"\t\t<div data-elementor-type=\"wp-page\" data-elementor-id=\"1240\" class=\"elementor elementor-1240\" data-elementor-post-type=\"page\">\n\t\t\t\t<div class=\"elementor-element elementor-element-0e488c7 e-flex e-con-boxed e-con e-parent\" data-id=\"0e488c7\" data-element_type=\"container\">\n\t\t\t\t\t<div class=\"e-con-inner\">\n\t\t<div class=\"elementor-element elementor-element-2d6965e e-con-full e-flex e-con e-child\" data-id=\"2d6965e\" data-element_type=\"container\">\n\t\t\t\t<div class=\"elementor-element elementor-element-264c7c0 elementor-widget elementor-widget-image\" data-id=\"264c7c0\" data-element_type=\"widget\" data-widget_type=\"image.default\">\n\t\t\t\t<div class=\"elementor-widget-container\">\n\t\t\t\t\t\t\t\t\t\t\t\t\t\t\t<img fetchpriority=\"high\" decoding=\"async\" width=\"2264\" height=\"1885\" src=\"https:\/\/www.asklepios-advisors.com\/wp-content\/uploads\/2024\/06\/AMo_01-002.jpg\" class=\"attachment-full size-full wp-image-1690\" alt=\"\" srcset=\"https:\/\/www.asklepios-advisors.com\/wp-content\/uploads\/2024\/06\/AMo_01-002.jpg 2264w, https:\/\/www.asklepios-advisors.com\/wp-content\/uploads\/2024\/06\/AMo_01-002-300x250.jpg 300w, https:\/\/www.asklepios-advisors.com\/wp-content\/uploads\/2024\/06\/AMo_01-002-1024x853.jpg 1024w, https:\/\/www.asklepios-advisors.com\/wp-content\/uploads\/2024\/06\/AMo_01-002-768x639.jpg 768w, https:\/\/www.asklepios-advisors.com\/wp-content\/uploads\/2024\/06\/AMo_01-002-1536x1279.jpg 1536w, https:\/\/www.asklepios-advisors.com\/wp-content\/uploads\/2024\/06\/AMo_01-002-2048x1705.jpg 2048w\" sizes=\"(max-width: 2264px) 100vw, 2264px\" \/>\t\t\t\t\t\t\t\t\t\t\t\t\t\t\t<\/div>\n\t\t\t\t<\/div>\n\t\t\t\t<\/div>\n\t\t<div class=\"elementor-element elementor-element-eaa265c e-con-full e-flex e-con e-child\" data-id=\"eaa265c\" data-element_type=\"container\">\n\t\t\t\t<div class=\"elementor-element elementor-element-06c2af9 elementor-widget elementor-widget-text-editor\" data-id=\"06c2af9\" data-element_type=\"widget\" data-widget_type=\"text-editor.default\">\n\t\t\t\t<div class=\"elementor-widget-container\">\n\t\t\t\t\t\t\t\t\t<h4>Angelo Moesslang<br \/>Operating Partner<\/h4>\t\t\t\t\t\t\t\t<\/div>\n\t\t\t\t<\/div>\n\t\t\t\t<div class=\"elementor-element elementor-element-26af999 elementor-widget elementor-widget-heading\" data-id=\"26af999\" data-element_type=\"widget\" data-widget_type=\"heading.default\">\n\t\t\t\t<div class=\"elementor-widget-container\">\n\t\t\t\t\t<h2 class=\"elementor-heading-title elementor-size-default\">Experience \u2013 \ud83c\udde9\ud83c\uddea <\/h2>\t\t\t\t<\/div>\n\t\t\t\t<\/div>\n\t\t\t\t<div class=\"elementor-element elementor-element-88376f5 elementor-widget elementor-widget-text-editor\" data-id=\"88376f5\" data-element_type=\"widget\" data-widget_type=\"text-editor.default\">\n\t\t\t\t<div class=\"elementor-widget-container\">\n\t\t\t\t\t\t\t\t\t<p style=\"font-weight: 400;\">Dr. Angelo Moesslang is an accomplished healthcare executive with broad experience in public and private healthcare corporations including medical device, diagnostics and pharmaceutical industries in Europe, USA and Asia-Pacific.<\/p><p style=\"font-weight: 400;\">Angelo spent over 20 years in Senior Positions with Fresenius Medical Care, was also CEO of\u00a0InGeneron, in Houston, CFO of\u00a0Meggle\u00a0and most recently as Managing Director of\u00a0SphingoTec\u00a0in Germany.<\/p><p style=\"font-weight: 400;\">\u00a0Angelo graduated in economics from the Ludwigs-Maximilians University Munich and completed his doctorate at the University of Stuttgart Hohenheim.<\/p>\t\t\t\t\t\t\t\t<\/div>\n\t\t\t\t<\/div>\n\t\t\t\t<div class=\"elementor-element elementor-element-ae64ca0 elementor-widget elementor-widget-text-editor\" data-id=\"ae64ca0\" data-element_type=\"widget\" data-widget_type=\"text-editor.default\">\n\t\t\t\t<div class=\"elementor-widget-container\">\n\t\t\t\t\t\t\t\t\t<p>CONTACT :\u00a0<\/p>\t\t\t\t\t\t\t\t<\/div>\n\t\t\t\t<\/div>\n\t\t\t\t<div class=\"elementor-element elementor-element-ac62991 e-grid-align-left elementor-shape-rounded elementor-grid-0 elementor-widget elementor-widget-social-icons\" data-id=\"ac62991\" data-element_type=\"widget\" data-widget_type=\"social-icons.default\">\n\t\t\t\t<div class=\"elementor-widget-container\">\n\t\t\t\t\t\t\t<div class=\"elementor-social-icons-wrapper elementor-grid\">\n\t\t\t\t\t\t\t<span class=\"elementor-grid-item\">\n\t\t\t\t\t<a class=\"elementor-icon elementor-social-icon elementor-social-icon-linkedin elementor-repeater-item-de2a110\" target=\"_blank\">\n\t\t\t\t\t\t<span class=\"elementor-screen-only\">Linkedin<\/span>\n\t\t\t\t\t\t<svg class=\"e-font-icon-svg e-fab-linkedin\" viewBox=\"0 0 448 512\" xmlns=\"http:\/\/www.w3.org\/2000\/svg\"><path d=\"M416 32H31.9C14.3 32 0 46.5 0 64.3v383.4C0 465.5 14.3 480 31.9 480H416c17.6 0 32-14.5 32-32.3V64.3c0-17.8-14.4-32.3-32-32.3zM135.4 416H69V202.2h66.5V416zm-33.2-243c-21.3 0-38.5-17.3-38.5-38.5S80.9 96 102.2 96c21.2 0 38.5 17.3 38.5 38.5 0 21.3-17.2 38.5-38.5 38.5zm282.1 243h-66.4V312c0-24.8-.5-56.7-34.5-56.7-34.6 0-39.9 27-39.9 54.9V416h-66.4V202.2h63.7v29.2h.9c8.9-16.8 30.6-34.5 62.9-34.5 67.2 0 79.7 44.3 79.7 101.9V416z\"><\/path><\/svg>\t\t\t\t\t<\/a>\n\t\t\t\t<\/span>\n\t\t\t\t\t\t\t<span class=\"elementor-grid-item\">\n\t\t\t\t\t<a class=\"elementor-icon elementor-social-icon elementor-social-icon-envelope elementor-repeater-item-cb22894\" target=\"_blank\">\n\t\t\t\t\t\t<span class=\"elementor-screen-only\">Envelope<\/span>\n\t\t\t\t\t\t<svg class=\"e-font-icon-svg e-fas-envelope\" viewBox=\"0 0 512 512\" xmlns=\"http:\/\/www.w3.org\/2000\/svg\"><path d=\"M502.3 190.8c3.9-3.1 9.7-.2 9.7 4.7V400c0 26.5-21.5 48-48 48H48c-26.5 0-48-21.5-48-48V195.6c0-5 5.7-7.8 9.7-4.7 22.4 17.4 52.1 39.5 154.1 113.6 21.1 15.4 56.7 47.8 92.2 47.6 35.7.3 72-32.8 92.3-47.6 102-74.1 131.6-96.3 154-113.7zM256 320c23.2.4 56.6-29.2 73.4-41.4 132.7-96.3 142.8-104.7 173.4-128.7 5.8-4.5 9.2-11.5 9.2-18.9v-19c0-26.5-21.5-48-48-48H48C21.5 64 0 85.5 0 112v19c0 7.4 3.4 14.3 9.2 18.9 30.6 23.9 40.7 32.4 173.4 128.7 16.8 12.2 50.2 41.8 73.4 41.4z\"><\/path><\/svg>\t\t\t\t\t<\/a>\n\t\t\t\t<\/span>\n\t\t\t\t\t<\/div>\n\t\t\t\t\t\t<\/div>\n\t\t\t\t<\/div>\n\t\t\t\t<\/div>\n\t\t\t\t\t<\/div>\n\t\t\t\t<\/div>\n\t\t\t\t<\/div>\n\t\t","protected":false},"excerpt":{"rendered":"<p>Marietta MiemetzOperating Partner Experience \u2013 \ud83c\udde9\ud83c\uddea \ud83c\uddec\ud83c\udde7 Marietta Miemietz is an International multi-award Thomson Reuters winner as Healthcare ResearchAnalyst. Marietta held senior management positions for over 20 years in Pharmaceuticals &amp;amp; BiotechResearch in London respectively for Soci\u00e9t\u00e9 G\u00e9n\u00e9rale, Dresdner Kleinwort, Bear Stearns (now JPMorgan) and HSBC. Her financial expertise includes Financial Modelling, Valuation, Corporate Reporting [&hellip;]<\/p>\n","protected":false},"author":1,"featured_media":0,"parent":0,"menu_order":0,"comment_status":"closed","ping_status":"closed","template":"","meta":{"footnotes":""},"class_list":["post-1240","page","type-page","status-publish","hentry"],"_links":{"self":[{"href":"https:\/\/www.asklepios-advisors.com\/index.php\/wp-json\/wp\/v2\/pages\/1240","targetHints":{"allow":["GET"]}}],"collection":[{"href":"https:\/\/www.asklepios-advisors.com\/index.php\/wp-json\/wp\/v2\/pages"}],"about":[{"href":"https:\/\/www.asklepios-advisors.com\/index.php\/wp-json\/wp\/v2\/types\/page"}],"author":[{"embeddable":true,"href":"https:\/\/www.asklepios-advisors.com\/index.php\/wp-json\/wp\/v2\/users\/1"}],"replies":[{"embeddable":true,"href":"https:\/\/www.asklepios-advisors.com\/index.php\/wp-json\/wp\/v2\/comments?post=1240"}],"version-history":[{"count":26,"href":"https:\/\/www.asklepios-advisors.com\/index.php\/wp-json\/wp\/v2\/pages\/1240\/revisions"}],"predecessor-version":[{"id":1697,"href":"https:\/\/www.asklepios-advisors.com\/index.php\/wp-json\/wp\/v2\/pages\/1240\/revisions\/1697"}],"wp:attachment":[{"href":"https:\/\/www.asklepios-advisors.com\/index.php\/wp-json\/wp\/v2\/media?parent=1240"}],"curies":[{"name":"wp","href":"https:\/\/api.w.org\/{rel}","templated":true}]}}